{"id":200,"date":"2015-05-26T14:59:07","date_gmt":"2015-05-26T14:59:07","guid":{"rendered":"http:\/\/lplusrc.de\/?page_id=200"},"modified":"2020-04-26T14:04:42","modified_gmt":"2020-04-26T14:04:42","slug":"projects","status":"publish","type":"page","link":"https:\/\/lplusrc.de\/en\/projects\/","title":{"rendered":"Projects"},"content":{"rendered":"<p><!--:de--><\/p>\n<h2><strong>Projects selection<\/strong><\/h2>\n<p><strong>Holiday cottage<\/strong><br \/>Kortgene, Netherlands<br \/>Blueprint planning architecture<br \/>all phases lighting design<\/p>\n<table style=\"width: 100.51903114186851%; height: 401px;\">\n<tbody>\n<tr style=\"height: 301px;\">\n<td style=\"height: 205px;\"><a href=\"http:\/\/lplusrc.de\/wp-content\/uploads\/2020\/02\/96bfec97-56f2-4aec-a991-29c1851602e5-6.jpg\"><img loading=\"lazy\" decoding=\"async\" class=\"alignnone  wp-image-941\" src=\"http:\/\/lplusrc.de\/wp-content\/uploads\/2020\/02\/96bfec97-56f2-4aec-a991-29c1851602e5-6-744x558.jpg\" alt=\"\" width=\"273\" height=\"204\" srcset=\"https:\/\/lplusrc.de\/wp-content\/uploads\/2020\/02\/96bfec97-56f2-4aec-a991-29c1851602e5-6-744x558.jpg 744w, https:\/\/lplusrc.de\/wp-content\/uploads\/2020\/02\/96bfec97-56f2-4aec-a991-29c1851602e5-6-1200x900.jpg 1200w, https:\/\/lplusrc.de\/wp-content\/uploads\/2020\/02\/96bfec97-56f2-4aec-a991-29c1851602e5-6-320x240.jpg 320w, https:\/\/lplusrc.de\/wp-content\/uploads\/2020\/02\/96bfec97-56f2-4aec-a991-29c1851602e5-6-768x576.jpg 768w, https:\/\/lplusrc.de\/wp-content\/uploads\/2020\/02\/96bfec97-56f2-4aec-a991-29c1851602e5-6-1536x1152.jpg 1536w, https:\/\/lplusrc.de\/wp-content\/uploads\/2020\/02\/96bfec97-56f2-4aec-a991-29c1851602e5-6.jpg 1600w\" sizes=\"auto, (max-width: 273px) 100vw, 273px\" \/><\/a><a href=\"http:\/\/lplusrc.de\/wp-content\/uploads\/2015\/05\/Kortegene-GR.jpg\"><img loading=\"lazy\" decoding=\"async\" class=\"wp-image-562 alignleft\" src=\"http:\/\/lplusrc.de\/wp-content\/uploads\/2015\/05\/Kortegene-GR.jpg\" alt=\"Kortegene GR\" width=\"281\" height=\"171\" srcset=\"https:\/\/lplusrc.de\/wp-content\/uploads\/2015\/05\/Kortegene-GR.jpg 488w, https:\/\/lplusrc.de\/wp-content\/uploads\/2015\/05\/Kortegene-GR-320x195.jpg 320w\" sizes=\"auto, (max-width: 281px) 100vw, 281px\" \/><\/a><\/td>\n<\/tr>\n<tr style=\"height: 196px;\">\n<td style=\"height: 196px;\"><a href=\"http:\/\/lplusrc.de\/wp-content\/uploads\/2015\/05\/kortegene1.jpg\"><img loading=\"lazy\" decoding=\"async\" class=\"size-full wp-image-561 aligncenter\" src=\"http:\/\/lplusrc.de\/wp-content\/uploads\/2015\/05\/kortegene1.jpg\" alt=\"kortegene1\" width=\"1062\" height=\"357\" srcset=\"https:\/\/lplusrc.de\/wp-content\/uploads\/2015\/05\/kortegene1.jpg 1062w, https:\/\/lplusrc.de\/wp-content\/uploads\/2015\/05\/kortegene1-320x108.jpg 320w, https:\/\/lplusrc.de\/wp-content\/uploads\/2015\/05\/kortegene1-744x250.jpg 744w\" sizes=\"auto, (max-width: 1062px) 100vw, 1062px\" \/><\/a><\/td>\n<\/tr>\n<\/tbody>\n<\/table>\n<p><strong>Church St. Antonius<\/strong><br \/>Brasschaat, Belgium<br \/>all phases lighting design<\/p>\n<table>\n<tbody>\n<tr>\n<td colspan=\"3\"><a href=\"http:\/\/lplusrc.de\/wp-content\/uploads\/2015\/05\/Lichtwirkung_GR_Pos-2.jpg\"><img loading=\"lazy\" decoding=\"async\" class=\"wp-image-557 aligncenter\" src=\"http:\/\/lplusrc.de\/wp-content\/uploads\/2015\/05\/Lichtwirkung_GR_Pos-2.jpg\" alt=\"Lichtwirkung_GR_Pos-2\" width=\"562\" height=\"327\" srcset=\"https:\/\/lplusrc.de\/wp-content\/uploads\/2015\/05\/Lichtwirkung_GR_Pos-2.jpg 1378w, https:\/\/lplusrc.de\/wp-content\/uploads\/2015\/05\/Lichtwirkung_GR_Pos-2-320x186.jpg 320w, https:\/\/lplusrc.de\/wp-content\/uploads\/2015\/05\/Lichtwirkung_GR_Pos-2-744x433.jpg 744w, https:\/\/lplusrc.de\/wp-content\/uploads\/2015\/05\/Lichtwirkung_GR_Pos-2-1200x698.jpg 1200w\" sizes=\"auto, (max-width: 562px) 100vw, 562px\" \/><\/a><\/td>\n<\/tr>\n<tr>\n<td><a href=\"http:\/\/lplusrc.de\/wp-content\/uploads\/2015\/05\/Lichtwirkung_Schnitt_alle.jpg\"><img loading=\"lazy\" decoding=\"async\" class=\"wp-image-558 alignleft\" src=\"http:\/\/lplusrc.de\/wp-content\/uploads\/2015\/05\/Lichtwirkung_Schnitt_alle.jpg\" alt=\"Lichtwirkung_Schnitt_alle\" width=\"353\" height=\"260\" srcset=\"https:\/\/lplusrc.de\/wp-content\/uploads\/2015\/05\/Lichtwirkung_Schnitt_alle.jpg 898w, https:\/\/lplusrc.de\/wp-content\/uploads\/2015\/05\/Lichtwirkung_Schnitt_alle-320x236.jpg 320w, https:\/\/lplusrc.de\/wp-content\/uploads\/2015\/05\/Lichtwirkung_Schnitt_alle-744x548.jpg 744w\" sizes=\"auto, (max-width: 353px) 100vw, 353px\" \/><\/a><\/td>\n<td>\u00a0<\/td>\n<td><a href=\"http:\/\/lplusrc.de\/wp-content\/uploads\/2015\/05\/Skizze-schnitt.jpg\"><img loading=\"lazy\" decoding=\"async\" class=\"alignright  wp-image-559\" src=\"http:\/\/lplusrc.de\/wp-content\/uploads\/2015\/05\/Skizze-schnitt.jpg\" alt=\"Skizze schnitt\" width=\"322\" height=\"259\" srcset=\"https:\/\/lplusrc.de\/wp-content\/uploads\/2015\/05\/Skizze-schnitt.jpg 1500w, https:\/\/lplusrc.de\/wp-content\/uploads\/2015\/05\/Skizze-schnitt-320x258.jpg 320w, https:\/\/lplusrc.de\/wp-content\/uploads\/2015\/05\/Skizze-schnitt-744x599.jpg 744w, https:\/\/lplusrc.de\/wp-content\/uploads\/2015\/05\/Skizze-schnitt-1200x966.jpg 1200w\" sizes=\"auto, (max-width: 322px) 100vw, 322px\" \/><\/a><\/td>\n<\/tr>\n<\/tbody>\n<\/table>\n<p><strong>Hotel de Tourrel<\/strong><br \/>St. Remy, France<br \/>all phases lighting design<\/p>\n<table style=\"height: 584px; width: 100%;\" width=\"810\">\n<tbody>\n<tr style=\"height: 528px;\">\n<td style=\"height: 44px; width: 98.27586206896551%;\" colspan=\"3\"><a href=\"http:\/\/lplusrc.de\/wp-content\/uploads\/2015\/06\/DSC_4546.jpg\"><img loading=\"lazy\" decoding=\"async\" class=\"wp-image-295\" src=\"http:\/\/lplusrc.de\/wp-content\/uploads\/2015\/06\/DSC_4546.jpg\" alt=\"Hotel D'Almeran\" width=\"277\" height=\"184\" srcset=\"https:\/\/lplusrc.de\/wp-content\/uploads\/2015\/06\/DSC_4546.jpg 640w, https:\/\/lplusrc.de\/wp-content\/uploads\/2015\/06\/DSC_4546-320x214.jpg 320w\" sizes=\"auto, (max-width: 277px) 100vw, 277px\" \/>\u00a0 \u00a0 <\/a><a href=\"http:\/\/lplusrc.de\/wp-content\/uploads\/2015\/06\/DSC_4579.jpg\"><img loading=\"lazy\" decoding=\"async\" class=\"wp-image-294\" src=\"http:\/\/lplusrc.de\/wp-content\/uploads\/2015\/06\/DSC_4579.jpg\" alt=\"Hotel D'Almeran\" width=\"274\" height=\"183\" srcset=\"https:\/\/lplusrc.de\/wp-content\/uploads\/2015\/06\/DSC_4579.jpg 640w, https:\/\/lplusrc.de\/wp-content\/uploads\/2015\/06\/DSC_4579-320x214.jpg 320w\" sizes=\"auto, (max-width: 274px) 100vw, 274px\" \/><\/a><a href=\"http:\/\/lplusrc.de\/wp-content\/uploads\/2020\/02\/Orgelleuchte-scaled.jpg\"><img loading=\"lazy\" decoding=\"async\" class=\"wp-image-952 alignleft\" src=\"http:\/\/lplusrc.de\/wp-content\/uploads\/2020\/02\/Orgelleuchte-744x497.jpg\" alt=\"\" width=\"373\" height=\"249\" srcset=\"https:\/\/lplusrc.de\/wp-content\/uploads\/2020\/02\/Orgelleuchte-744x497.jpg 744w, https:\/\/lplusrc.de\/wp-content\/uploads\/2020\/02\/Orgelleuchte-1200x801.jpg 1200w, https:\/\/lplusrc.de\/wp-content\/uploads\/2020\/02\/Orgelleuchte-320x214.jpg 320w, https:\/\/lplusrc.de\/wp-content\/uploads\/2020\/02\/Orgelleuchte-768x513.jpg 768w, https:\/\/lplusrc.de\/wp-content\/uploads\/2020\/02\/Orgelleuchte-1536x1025.jpg 1536w, https:\/\/lplusrc.de\/wp-content\/uploads\/2020\/02\/Orgelleuchte-2048x1367.jpg 2048w\" sizes=\"auto, (max-width: 373px) 100vw, 373px\" \/><\/a><a href=\"http:\/\/lplusrc.de\/wp-content\/uploads\/2015\/06\/DSC_4651.jpg\"><img loading=\"lazy\" decoding=\"async\" class=\"alignleft wp-image-296\" src=\"http:\/\/lplusrc.de\/wp-content\/uploads\/2015\/06\/DSC_4651.jpg\" alt=\"Hotel du Tourrel\" width=\"165\" height=\"248\" srcset=\"https:\/\/lplusrc.de\/wp-content\/uploads\/2015\/06\/DSC_4651.jpg 427w, https:\/\/lplusrc.de\/wp-content\/uploads\/2015\/06\/DSC_4651-214x320.jpg 214w\" sizes=\"auto, (max-width: 165px) 100vw, 165px\" \/><\/a><\/td>\n<\/tr>\n<\/tbody>\n<\/table>\n<p><strong>Garden and exterior illumination<\/strong><br \/>Residential house, Brasschaat, Belgium<br \/>All phases lighting design<\/p>\n<p><strong>Colonius Carree, Cologne, Germany<\/strong><br \/>Architects: Mronz + Kottmair, Cologne<br \/>Interiordesign: Liitoo, Cologne<br \/>consulting in all phases<br \/>L+RC in cooperation with Heike Bertschat Interiordesign, Cologne<\/p>\n<p><span style=\"font-weight: 600;\">Funda\u00e7i\u00f3n<\/span><b>\u00a0Lukas<\/b><br \/>Residential and therapy building for handicapped children<br \/>Alicante, Spain<br \/>Blueprint planning  to site management<\/p>\n<p><a href=\"http:\/\/lplusrc.de\/wp-content\/uploads\/2020\/02\/eingang.jpg\"><img loading=\"lazy\" decoding=\"async\" class=\"alignnone  wp-image-922\" src=\"http:\/\/lplusrc.de\/wp-content\/uploads\/2020\/02\/eingang.jpg\" alt=\"\" width=\"216\" height=\"324\" srcset=\"https:\/\/lplusrc.de\/wp-content\/uploads\/2020\/02\/eingang.jpg 533w, https:\/\/lplusrc.de\/wp-content\/uploads\/2020\/02\/eingang-213x320.jpg 213w\" sizes=\"auto, (max-width: 216px) 100vw, 216px\" \/>\u00a0\u00a0\u00a0 <\/a><a href=\"https:\/\/lplusrc.de\/wp-content\/uploads\/2020\/02\/patio-und-flur.jpg\"><img loading=\"lazy\" decoding=\"async\" class=\"alignnone  wp-image-947\" src=\"https:\/\/lplusrc.de\/wp-content\/uploads\/2020\/02\/patio-und-flur-744x496.jpg\" alt=\"\" width=\"324\" height=\"216\" srcset=\"https:\/\/lplusrc.de\/wp-content\/uploads\/2020\/02\/patio-und-flur-744x496.jpg 744w, https:\/\/lplusrc.de\/wp-content\/uploads\/2020\/02\/patio-und-flur-320x213.jpg 320w, https:\/\/lplusrc.de\/wp-content\/uploads\/2020\/02\/patio-und-flur-768x512.jpg 768w, https:\/\/lplusrc.de\/wp-content\/uploads\/2020\/02\/patio-und-flur.jpg 800w\" sizes=\"auto, (max-width: 324px) 100vw, 324px\" \/><\/a><\/p>\n<table style=\"height: 226px; width: 100%;\" width=\"796\">\n<tbody>\n<tr style=\"height: 226px;\">\n<td style=\"height: 226px;\"><a href=\"http:\/\/lplusrc.de\/wp-content\/uploads\/2020\/02\/therapie-weiss.jpg\"><img loading=\"lazy\" decoding=\"async\" class=\"alignnone  wp-image-953\" src=\"http:\/\/lplusrc.de\/wp-content\/uploads\/2020\/02\/therapie-weiss.jpg\" alt=\"\" width=\"170\" height=\"256\" srcset=\"https:\/\/lplusrc.de\/wp-content\/uploads\/2020\/02\/therapie-weiss.jpg 533w, https:\/\/lplusrc.de\/wp-content\/uploads\/2020\/02\/therapie-weiss-213x320.jpg 213w\" sizes=\"auto, (max-width: 170px) 100vw, 170px\" \/>\u00a0\u00a0\u00a0\u00a0 <\/a><a href=\"http:\/\/lplusrc.de\/wp-content\/uploads\/2020\/02\/therapie-rot.jpg\"><img loading=\"lazy\" decoding=\"async\" class=\"alignnone  wp-image-948\" src=\"http:\/\/lplusrc.de\/wp-content\/uploads\/2020\/02\/therapie-rot.jpg\" alt=\"\" width=\"170\" height=\"256\" srcset=\"https:\/\/lplusrc.de\/wp-content\/uploads\/2020\/02\/therapie-rot.jpg 533w, https:\/\/lplusrc.de\/wp-content\/uploads\/2020\/02\/therapie-rot-213x320.jpg 213w\" sizes=\"auto, (max-width: 170px) 100vw, 170px\" \/><\/a><a href=\"http:\/\/lplusrc.de\/wp-content\/uploads\/2020\/02\/therapie-weiss.jpg\"> \u00a0\u00a0\u00a0 <\/a><a href=\"http:\/\/lplusrc.de\/wp-content\/uploads\/2020\/02\/therapie-gr\u00fcn.jpg\"><img loading=\"lazy\" decoding=\"async\" class=\"alignnone  wp-image-949\" src=\"http:\/\/lplusrc.de\/wp-content\/uploads\/2020\/02\/therapie-gr\u00fcn.jpg\" alt=\"\" width=\"171\" height=\"257\" srcset=\"https:\/\/lplusrc.de\/wp-content\/uploads\/2020\/02\/therapie-gr\u00fcn.jpg 533w, https:\/\/lplusrc.de\/wp-content\/uploads\/2020\/02\/therapie-gr\u00fcn-213x320.jpg 213w\" sizes=\"auto, (max-width: 171px) 100vw, 171px\" \/><\/a><\/td>\n<td style=\"height: 226px;\">\u00a0<\/td>\n<td style=\"height: 226px;\">\u00a0<\/td>\n<\/tr>\n<\/tbody>\n<\/table>\n<table>\n<tbody>\n<tr>\n<td><a href=\"http:\/\/lplusrc.de\/wp-content\/uploads\/2020\/02\/pool-violettblau-1.jpg\"><img loading=\"lazy\" decoding=\"async\" class=\"alignnone  wp-image-955\" src=\"http:\/\/lplusrc.de\/wp-content\/uploads\/2020\/02\/pool-violettblau-1.jpg\" alt=\"\" width=\"164\" height=\"246\" srcset=\"https:\/\/lplusrc.de\/wp-content\/uploads\/2020\/02\/pool-violettblau-1.jpg 533w, https:\/\/lplusrc.de\/wp-content\/uploads\/2020\/02\/pool-violettblau-1-213x320.jpg 213w\" sizes=\"auto, (max-width: 164px) 100vw, 164px\" \/>\u00a0\u00a0\u00a0\u00a0\u00a0\u00a0\u00a0\u00a0\u00a0\u00a0 <\/a><\/td>\n<td>\u00a0<\/td>\n<td>\u00a0<\/td>\n<\/tr>\n<tr>\n<td>\u00a0<\/td>\n<td>\u00a0<\/td>\n<td>\u00a0<\/td>\n<\/tr>\n<\/tbody>\n<\/table>\n<p><strong>Exposition \"Kr\u00f6nungen\" Aachen, Germany<\/strong><br \/>Exposition design: Ingrid Bussenius, Cologne<br \/>All phases including site management<\/p>\n<p><a href=\"https:\/\/lplusrc.de\/wp-content\/uploads\/2020\/02\/Kr\u00f6nungen.jpg\"><img loading=\"lazy\" decoding=\"async\" class=\"alignnone  wp-image-1034\" src=\"https:\/\/lplusrc.de\/wp-content\/uploads\/2020\/02\/Kr\u00f6nungen-744x631.jpg\" alt=\"\" width=\"274\" height=\"232\" srcset=\"https:\/\/lplusrc.de\/wp-content\/uploads\/2020\/02\/Kr\u00f6nungen-744x631.jpg 744w, https:\/\/lplusrc.de\/wp-content\/uploads\/2020\/02\/Kr\u00f6nungen-1200x1018.jpg 1200w, https:\/\/lplusrc.de\/wp-content\/uploads\/2020\/02\/Kr\u00f6nungen-320x272.jpg 320w, https:\/\/lplusrc.de\/wp-content\/uploads\/2020\/02\/Kr\u00f6nungen-768x652.jpg 768w, https:\/\/lplusrc.de\/wp-content\/uploads\/2020\/02\/Kr\u00f6nungen.jpg 1280w\" sizes=\"auto, (max-width: 274px) 100vw, 274px\" \/>\u00a0 \u00a0<\/a> <a href=\"https:\/\/lplusrc.de\/wp-content\/uploads\/2020\/02\/Kr\u00f6nungen-2.jpg\"><img loading=\"lazy\" decoding=\"async\" class=\"alignnone  wp-image-1035\" src=\"https:\/\/lplusrc.de\/wp-content\/uploads\/2020\/02\/Kr\u00f6nungen-2-744x630.jpg\" alt=\"\" width=\"275\" height=\"232\" srcset=\"https:\/\/lplusrc.de\/wp-content\/uploads\/2020\/02\/Kr\u00f6nungen-2-744x630.jpg 744w, https:\/\/lplusrc.de\/wp-content\/uploads\/2020\/02\/Kr\u00f6nungen-2-1200x1016.jpg 1200w, https:\/\/lplusrc.de\/wp-content\/uploads\/2020\/02\/Kr\u00f6nungen-2-320x271.jpg 320w, https:\/\/lplusrc.de\/wp-content\/uploads\/2020\/02\/Kr\u00f6nungen-2-768x650.jpg 768w, https:\/\/lplusrc.de\/wp-content\/uploads\/2020\/02\/Kr\u00f6nungen-2.jpg 1280w\" sizes=\"auto, (max-width: 275px) 100vw, 275px\" \/><\/a>\u00a0<a href=\"https:\/\/lplusrc.de\/wp-content\/uploads\/2020\/02\/Kr\u00f6nungen-3.jpg\"><img loading=\"lazy\" decoding=\"async\" class=\"wp-image-1036 aligncenter\" src=\"https:\/\/lplusrc.de\/wp-content\/uploads\/2020\/02\/Kr\u00f6nungen-3-744x625.jpg\" alt=\"\" width=\"340\" height=\"285\" srcset=\"https:\/\/lplusrc.de\/wp-content\/uploads\/2020\/02\/Kr\u00f6nungen-3-744x625.jpg 744w, https:\/\/lplusrc.de\/wp-content\/uploads\/2020\/02\/Kr\u00f6nungen-3-1200x1007.jpg 1200w, https:\/\/lplusrc.de\/wp-content\/uploads\/2020\/02\/Kr\u00f6nungen-3-320x269.jpg 320w, https:\/\/lplusrc.de\/wp-content\/uploads\/2020\/02\/Kr\u00f6nungen-3-768x645.jpg 768w, https:\/\/lplusrc.de\/wp-content\/uploads\/2020\/02\/Kr\u00f6nungen-3.jpg 1284w\" sizes=\"auto, (max-width: 340px) 100vw, 340px\" \/><\/a><\/p>\n<p><!--:--><!--:en--><\/p>\n<p><!--:--><\/p>","protected":false},"excerpt":{"rendered":"<p>Projekte Auswahl Ferienhaus W.Kortegene, NiederlandeEntwurfsplanung Architektur und baubegleitende BeratungLichtplanung Kirche St. Antonius,Braschaat, BelgienEntwurfsplanung und Ausf\u00fchrungsplanung Licht \u00a0 Hotel de TourrelSt. Remy, FrankreichEntwurfsplanung und Ausf\u00fchrungsplanung Licht \u00a0 \u00a0 Garten- und AussenbeleuchtungWohnhaus in Brasschaat, BelgienEntwurfsplanung bis Bauleitung Licht Colonius Carree, K\u00f6lnArchitekten: Mronz + Kottmair, K\u00f6lnInnenraumplanung: Liitoo, K\u00f6lnLeistungsphasen: Beratender Entwurf mit Detailplanung und Leuchtenvorschl\u00e4genL+RC in Zusammenarbeit mit Heike [&hellip;]<\/p>\n","protected":false},"author":2,"featured_media":0,"parent":0,"menu_order":0,"comment_status":"closed","ping_status":"closed","template":"","meta":{"footnotes":""},"class_list":["post-200","page","type-page","status-publish","hentry"],"_links":{"self":[{"href":"https:\/\/lplusrc.de\/en\/wp-json\/wp\/v2\/pages\/200","targetHints":{"allow":["GET"]}}],"collection":[{"href":"https:\/\/lplusrc.de\/en\/wp-json\/wp\/v2\/pages"}],"about":[{"href":"https:\/\/lplusrc.de\/en\/wp-json\/wp\/v2\/types\/page"}],"author":[{"embeddable":true,"href":"https:\/\/lplusrc.de\/en\/wp-json\/wp\/v2\/users\/2"}],"replies":[{"embeddable":true,"href":"https:\/\/lplusrc.de\/en\/wp-json\/wp\/v2\/comments?post=200"}],"version-history":[{"count":143,"href":"https:\/\/lplusrc.de\/en\/wp-json\/wp\/v2\/pages\/200\/revisions"}],"predecessor-version":[{"id":1045,"href":"https:\/\/lplusrc.de\/en\/wp-json\/wp\/v2\/pages\/200\/revisions\/1045"}],"wp:attachment":[{"href":"https:\/\/lplusrc.de\/en\/wp-json\/wp\/v2\/media?parent=200"}],"curies":[{"name":"wp","href":"https:\/\/api.w.org\/{rel}","templated":true}]}}