{"id":730,"date":"2020-02-05T21:35:27","date_gmt":"2020-02-05T21:35:27","guid":{"rendered":"http:\/\/lplusrc.de\/?page_id=730"},"modified":"2026-02-16T09:13:32","modified_gmt":"2026-02-16T09:13:32","slug":"beispiele","status":"publish","type":"page","link":"https:\/\/lplusrc.de\/en\/beispiele\/","title":{"rendered":"Examples"},"content":{"rendered":"<h2><strong>Beispiele eigene Artikel<\/strong><\/h2>\n<p><br \/><a href=\"http:\/\/lplusrc.de\/en\/alleskoenner-leds\/pld-86_e_leds_web\/\" target=\"_blank\" rel=\"noopener noreferrer\">LED \u2013 the answer to everything?<\/a><br \/><a href=\"http:\/\/lplusrc.de\/wp-content\/uploads\/2020\/02\/Amriswil_e.pdf\" target=\"_blank\" rel=\"noopener noreferrer\">Coloured shadows<\/a><br \/><a href=\"http:\/\/lplusrc.de\/wp-content\/uploads\/2020\/02\/Basics-Schatten-d.pdf\" target=\"_blank\" rel=\"noopener noreferrer\">Perception of shadows<\/a><br \/><a href=\"http:\/\/lplusrc.de\/wp-content\/uploads\/2020\/02\/cooles-design-e.pdf\" target=\"_blank\" rel=\"noopener noreferrer\">Cool design<\/a><br \/><a href=\"http:\/\/lplusrc.de\/wp-content\/uploads\/2020\/02\/Deutsche-Bank_e.pdf\" target=\"_blank\" rel=\"noopener noreferrer\">The green blue building-Deutsche Bank<\/a><br \/><a href=\"https:\/\/lplusrc.de\/wp-content\/uploads\/2020\/10\/Durchlaessig-The-hole-story-e.pdf\" target=\"_blank\" rel=\"noopener noreferrer\">The \"hole\" story<\/a><br \/><a href=\"https:\/\/lplusrc.de\/wp-content\/uploads\/2020\/10\/Entwarnung-fuer-Grafiken-e.pdf\" target=\"_blank\" rel=\"noopener noreferrer\">Excellent conditions for hand drawings<\/a><br \/><a href=\"https:\/\/lplusrc.de\/wp-content\/uploads\/2020\/10\/Fuer-Pilger-und-Architekturpilger-e.pdf\" target=\"_blank\" rel=\"noopener noreferrer\">For worshippers and worshippers of architecture<\/a><br \/><a href=\"http:\/\/lplusrc.de\/wp-content\/uploads\/2020\/02\/Handelsblatthaus-e.pdf\" target=\"_blank\" rel=\"noopener noreferrer\">Handelsblatt<\/a><br \/><a href=\"http:\/\/lplusrc.de\/wp-content\/uploads\/2020\/02\/Intervew_E.pdf\" target=\"_blank\" rel=\"noopener noreferrer\">In media res-Interview<\/a> <br \/><a href=\"http:\/\/lplusrc.de\/wp-content\/uploads\/2020\/02\/KBsao-Paolo_e.pdf\" target=\"_blank\" rel=\"noopener noreferrer\">Torre Pomp\u00e9ia - Sao Paolo<\/a> <br \/><a href=\"http:\/\/lplusrc.de\/wp-content\/uploads\/2020\/02\/KBSteele_E.pdf\" target=\"_blank\" rel=\"noopener noreferrer\">Elegant colossos<\/a><br \/><a href=\"http:\/\/lplusrc.de\/wp-content\/uploads\/2020\/02\/Larry-Kagan-e.pdf\" target=\"_blank\" rel=\"noopener noreferrer\">Larry Kagan-The shadow man<\/a>\u00a0<br \/><a href=\"http:\/\/lplusrc.de\/wp-content\/uploads\/2020\/02\/Licht-und-Schatten_e.pdf\" target=\"_blank\" rel=\"noopener noreferrer\">Lighting Design, Shadow Design<\/a> <br \/><a href=\"http:\/\/lplusrc.de\/wp-content\/uploads\/2020\/02\/Lichtbiologie_e.pdf\" target=\"_blank\" rel=\"noopener noreferrer\">The attributes of light<\/a> <br \/><a href=\"http:\/\/lplusrc.de\/wp-content\/uploads\/2020\/02\/Literarisch-herausragend-e.pdf\" target=\"_blank\" rel=\"noopener noreferrer\">Now read on...<\/a> <br \/><a href=\"http:\/\/lplusrc.de\/wp-content\/uploads\/2020\/02\/Lob-des-Schattens_e.pdf\" target=\"_blank\" rel=\"noopener noreferrer\">Haus gewordenes &#8222;Lob des Schattens&#8220;<\/a> <br \/><a href=\"https:\/\/lplusrc.de\/wp-content\/uploads\/2020\/10\/Printed-lenses.pdf\" target=\"_blank\" rel=\"noopener noreferrer\">Printed lenses-Luxexcel<\/a><br \/><a href=\"https:\/\/lplusrc.de\/wp-content\/uploads\/2020\/10\/Meteorite-in-a-blue-cage.pdf\" target=\"_blank\" rel=\"noopener noreferrer\">Meteorite in a blue cage<\/a><br \/><a href=\"https:\/\/lplusrc.de\/wp-content\/uploads\/2020\/10\/Mondaen-oder-Lokalkolorit-e.pdf\" target=\"_blank\" rel=\"noopener noreferrer\">Local colour or cool sophistication<\/a> <br \/><a href=\"http:\/\/lplusrc.de\/wp-content\/uploads\/2020\/02\/Ned-Kahn-e.pdf\" target=\"_blank\" rel=\"noopener noreferrer\">Ned Kahn<\/a> <br \/><a href=\"http:\/\/lplusrc.de\/wp-content\/uploads\/2020\/02\/Optische-Mischung-e.pdf\" target=\"_blank\" rel=\"noopener noreferrer\">Optical mixing<\/a> <br \/><a href=\"http:\/\/lplusrc.de\/wp-content\/uploads\/2020\/02\/Vielschichtig-e.pdf\" target=\"_blank\" rel=\"noopener noreferrer\">Multi-layered<\/a> <br \/><a href=\"http:\/\/lplusrc.de\/wp-content\/uploads\/2020\/02\/Wohnlicht-geht-auch-ohne-e.pdf\" target=\"_blank\" rel=\"noopener noreferrer\">Cosy without incandescents<\/a><br \/>Provocation of the senses (only in German)<br \/>Workshop Bad Doberan (only in German)<br \/><br \/><br \/><br \/><br \/><br \/><\/p>\n<p>\u00a0<\/p>","protected":false},"excerpt":{"rendered":"<p>Beispiele eigene Artikel Allesk\u00f6nner LEDsFarbige Schatten-Festhalle in AmriswilWahrnehmung von SchattenCooles designBlau gr\u00fcnes B\u00fcrogeb\u00e4ude-Deutsche BankDurchl\u00e4ssigEntwarnung f\u00fcr GrafikenF\u00fcr Pilger und ArchitekturpilgerHandelsblatthausMittendrin statt nur im Westen-Interview Torre Pomp\u00e9ia in Sao Paolo Dynamisch eleganter KolossLarry Kagan-Der Schattenmann\u00a0Licht gestalten, Schatten gestalten Die Eigenschaften von Licht-Lichtbiologie Literarisch herausragend Haus gewordenes &#8222;Lob des Schattens&#8220; Linsen aus dem Drucker-LuxexcelMeteorit im blauen K\u00e4figMond\u00e4n oder [&hellip;]<\/p>\n","protected":false},"author":1,"featured_media":0,"parent":0,"menu_order":0,"comment_status":"closed","ping_status":"closed","template":"","meta":{"footnotes":""},"class_list":["post-730","page","type-page","status-publish","hentry"],"_links":{"self":[{"href":"https:\/\/lplusrc.de\/en\/wp-json\/wp\/v2\/pages\/730","targetHints":{"allow":["GET"]}}],"collection":[{"href":"https:\/\/lplusrc.de\/en\/wp-json\/wp\/v2\/pages"}],"about":[{"href":"https:\/\/lplusrc.de\/en\/wp-json\/wp\/v2\/types\/page"}],"author":[{"embeddable":true,"href":"https:\/\/lplusrc.de\/en\/wp-json\/wp\/v2\/users\/1"}],"replies":[{"embeddable":true,"href":"https:\/\/lplusrc.de\/en\/wp-json\/wp\/v2\/comments?post=730"}],"version-history":[{"count":41,"href":"https:\/\/lplusrc.de\/en\/wp-json\/wp\/v2\/pages\/730\/revisions"}],"predecessor-version":[{"id":1175,"href":"https:\/\/lplusrc.de\/en\/wp-json\/wp\/v2\/pages\/730\/revisions\/1175"}],"wp:attachment":[{"href":"https:\/\/lplusrc.de\/en\/wp-json\/wp\/v2\/media?parent=730"}],"curies":[{"name":"wp","href":"https:\/\/api.w.org\/{rel}","templated":true}]}}