{"id":87,"date":"2015-03-11T22:29:35","date_gmt":"2015-03-11T22:29:35","guid":{"rendered":"http:\/\/lplusrc.de\/?page_id=87"},"modified":"2020-02-10T20:06:47","modified_gmt":"2020-02-10T20:06:47","slug":"homephilosophy","status":"publish","type":"page","link":"https:\/\/lplusrc.de\/en\/","title":{"rendered":"Home"},"content":{"rendered":"<p><!--:de--><\/p>\n<p><span style=\"color: inherit; font-size: 1.95em; font-weight: 600;\">Philosophy<\/span><\/p>\n<p>Human Lighting Design \u2013 Planning and teaching with human beings in the focus<\/p>\n<p>Our lighting design and our consultancy always puts the human being and his complex mechanisms of perception in the focus. This also counts for our teaching and seminar activities.<\/p>\n<p>Our ambition towards a \"human lighting design\" presents itself in our project approach. We create light-atmospheres within a space, starting from human perception. Architecture and design are seen as an important part of this perceived atmospheres. All factors are interdependent from each other and are integral parts of project planning.<\/p>\n<p>In this sense of complexity we work in all phases of architectural projects also as consultants. May it be for the client or for the architect.<\/p>\n<p>Consultancy and planning for humans.<\/p>\n<p><!--:--><!--:en--><\/p>\n<table style=\"border-collapse: collapse; width: 100%;\">\n<tbody>\n<tr>\n<td style=\"width: 50%;\"><\/td>\n<td style=\"width: 50%;\"><\/td>\n<td style=\"width: 1.37931%;\"><\/td>\n<\/tr>\n<tr>\n<td style=\"width: 50%;\">\n<table style=\"border-collapse: collapse; width: 100%; height: 92px;\">\n<tbody>\n<tr style=\"height: 23px;\">\n<td style=\"width: 100%; height: 23px;\"><\/td>\n<\/tr>\n<tr style=\"height: 23px;\">\n<td style=\"width: 100%; height: 23px;\"><\/td>\n<\/tr>\n<tr style=\"height: 23px;\">\n<td style=\"width: 100%; height: 23px;\"><\/td>\n<\/tr>\n<tr style=\"height: 23px;\">\n<td style=\"width: 100%; height: 23px;\"><\/td>\n<\/tr>\n<\/tbody>\n<\/table>\n<\/td>\n<td style=\"width: 50%;\"><\/td>\n<td style=\"width: 1.37931%;\"><\/td>\n<\/tr>\n<tr>\n<td style=\"width: 50%;\"><\/td>\n<td style=\"width: 50%;\"><\/td>\n<td style=\"width: 1.37931%;\"><\/td>\n<\/tr>\n<tr>\n<td style=\"width: 50%;\"><\/td>\n<td style=\"width: 50%;\"><\/td>\n<td style=\"width: 1.37931%;\"><\/td>\n<\/tr>\n<tr>\n<td style=\"width: 50%;\"><\/td>\n<td style=\"width: 50%;\"><\/td>\n<td style=\"width: 1.37931%;\"><\/td>\n<\/tr>\n<\/tbody>\n<\/table>\n<p><!--:--><\/p>","protected":false},"excerpt":{"rendered":"<p>B\u00fcrophilosophie Humane Lichtplanung \u2013 Planen und Lehren f\u00fcr Menschen Ausgangspunkt, Mittelpunkt und Schwerpunkt unserer Lichtplanung und Beratung ist immer der Mensch mit seinen komplexen Wahrnehmungsmechanismen. Dies gilt f\u00fcr die Projektbearbeitung ebenso wie f\u00fcr die Lehre. Dieses Streben nach \u201ehumanem Lichtdesign\u201c \u00e4u\u00dfert sich unter anderem in der Herangehensweise an die Projekte, n\u00e4mlich der prim\u00e4ren Hinterfragung von [&hellip;]<\/p>\n","protected":false},"author":2,"featured_media":0,"parent":0,"menu_order":1,"comment_status":"closed","ping_status":"closed","template":"","meta":{"footnotes":""},"class_list":["post-87","page","type-page","status-publish","hentry"],"_links":{"self":[{"href":"https:\/\/lplusrc.de\/en\/wp-json\/wp\/v2\/pages\/87","targetHints":{"allow":["GET"]}}],"collection":[{"href":"https:\/\/lplusrc.de\/en\/wp-json\/wp\/v2\/pages"}],"about":[{"href":"https:\/\/lplusrc.de\/en\/wp-json\/wp\/v2\/types\/page"}],"author":[{"embeddable":true,"href":"https:\/\/lplusrc.de\/en\/wp-json\/wp\/v2\/users\/2"}],"replies":[{"embeddable":true,"href":"https:\/\/lplusrc.de\/en\/wp-json\/wp\/v2\/comments?post=87"}],"version-history":[{"count":44,"href":"https:\/\/lplusrc.de\/en\/wp-json\/wp\/v2\/pages\/87\/revisions"}],"predecessor-version":[{"id":1010,"href":"https:\/\/lplusrc.de\/en\/wp-json\/wp\/v2\/pages\/87\/revisions\/1010"}],"wp:attachment":[{"href":"https:\/\/lplusrc.de\/en\/wp-json\/wp\/v2\/media?parent=87"}],"curies":[{"name":"wp","href":"https:\/\/api.w.org\/{rel}","templated":true}]}}